{"id":28,"date":"2022-12-07T14:20:28","date_gmt":"2022-12-07T13:20:28","guid":{"rendered":"https:\/\/naturecaress.com\/?post_type=product&#038;p=28"},"modified":"2022-12-16T17:26:17","modified_gmt":"2022-12-16T16:26:17","slug":"reiki-masaz","status":"publish","type":"product","link":"https:\/\/naturecaress.com\/index.php\/produkt\/reiki-masaz\/","title":{"rendered":"Reiki mas\u00e1\u017e"},"content":{"rendered":"<p>REIKI MAS\u00c1\u017d<br \/>\nMas\u00e1\u017e pomoc\u00ed energie reiki je speci\u00e1ln\u00ed mas\u00e1\u017e\u00ed. Kde p\u016fsob\u00ed energie reiki na na energetick\u00e1 centra \u010dlov\u011bka \u2013 \u010dakry, energetick\u00e9 dr\u00e1hy v t\u011ble. Je to v\u00fdborn\u00e1 relaxa\u010dn\u00ed mas\u00e1\u017e, kter\u00e1 v\u00e1s zbav\u00ed stresu a uvoln\u00ed v\u00e1s. Energie se dostane i k t\u011bm, kte\u0159\u00ed maj\u00ed s relaxac\u00ed probl\u00e9my a neum\u011bj\u00ed vypnout neust\u00e1l\u00fd tok my\u0161lenek.<\/p>\n<p>Zp\u016fsob\u016f Reiki mas\u00e1\u017ee \u2013 reiki pracuje s klientem, existuje mnoho zp\u016fsob\u016f, ka\u017ed\u00fd jednotlivec m\u00e1 jin\u00e9 energetick\u00e9 pot\u017eeby a podle toho mas\u00e9r zvol\u00ed syst\u00e9m pr\u00e1ce s energi\u00ed. Z\u00e1kladem je p\u016fsoben\u00ed na \u010dakry, odstran\u011bn\u00ed blokac\u00ed, kter\u00e9 br\u00e1n\u00ed jejich spr\u00e1vn\u00e9 funkci a jejich vylad\u011bn\u00ed. C\u00edlem je doru\u010dit t\u011blu \u017eivotad\u00e1rnou univerz\u00e1ln\u00ed energii reiki a povzbudit organismus k samol\u00e9\u010db\u011b a spont\u00e1nn\u00ed regeneraci. Energie jsou v\u0161ude kolem v\u00e1s, je prok\u00e1z\u00e1no, \u017ee regenera\u010dn\u00ed schopnost lidsk\u00e9ho organismu je z\u00e1zra\u010dn\u00e1, jen je zapot\u0159eb\u00ed mu dodat spr\u00e1vn\u00fd impuls.<\/p>\n<p>\u00da\u010dinkem reiki mas\u00e1\u017ee dos\u00e1hnete uvoln\u011bn\u00ed vnit\u0159n\u00edho nap\u011bt\u00ed, uvoln\u011bn\u00ed ze stresu z pr\u00e1ce nebo nadm\u00edry povinnost\u00ed a psychick\u00e9 osv\u011b\u017een\u00ed.<br \/>\n\u00dasm\u011bvy klient\u016f, \u010di uvoln\u011bn\u00e9 rysy jejich tv\u00e1\u0159\u00ed a rozz\u00e1\u0159en\u00e9 o\u010di p\u0159i odchodu jsou toho d\u016fkazem a skv\u011blou odm\u011bnou terapeuta.<\/p>\n<p>P\u0159\u00edzniv\u00e9 \u00fa\u010dinky mas\u00e1\u017ee reiki:<br \/>\nodpo\u010dinek<br \/>\nuvoln\u011bn\u00ed stresu v\u0161edn\u00edho dne<br \/>\nregenerace<br \/>\npos\u00edlen\u00ed imunity<br \/>\npodpora l\u00e9\u010dby zdravotn\u00edch probl\u00e9m\u016f<br \/>\nobnova fyzick\u00fdch sil<br \/>\nznovuz\u00edsk\u00e1n\u00ed du\u0161evn\u00edch sil<br \/>\nZ\u00e1kladn\u00ed reiki mas\u00e1\u017e m\u00e1 minim\u00e1ln\u011b 30 min, roz\u0161\u00ed\u0159en\u00e1 pak zhruba hodinu. Na reiki mas\u00e1\u017e dobr\u00e9 preventivn\u011b p\u0159ij\u00edt jednou za 4-6 t\u00fddn\u016f, p\u0159i konkr\u00e9tn\u00edch pot\u00ed\u017e\u00edch doch\u00e1zej\u00ed klienti zpo\u010d\u00e1tku jednou nebo dvakr\u00e1t za 14 dn\u00ed, dokud se jejich stav nezlep\u0161\u00ed. Vynikaj\u00edc\u00edch v\u00fdsledk\u016f dosahuje kombinace reiki v kombinaci s klasickou mas\u00e1\u017e\u00ed zad a \u0161\u00edje, kter\u00e1 umo\u017en\u00ed lep\u0161\u00ed a efektivn\u011bj\u0161\u00ed vyu\u017eit\u00ed energie reiki v t\u011ble klienta.<\/p>\n","protected":false},"excerpt":{"rendered":"<p>Mas\u00e1\u017e pomoc\u00ed energie reiki je speci\u00e1ln\u00ed mas\u00e1\u017e\u00ed. Kde p\u016fsob\u00ed energie reiki na na energetick\u00e1 centra \u010dlov\u011bka \u2013 \u010dakry, energetick\u00e9 dr\u00e1hy v t\u011ble. Je to v\u00fdborn\u00e1 relaxa\u010dn\u00ed mas\u00e1\u017e, kter\u00e1 v\u00e1s zbav\u00ed stresu a uvoln\u00ed v\u00e1s. Energie se dostane i k t\u011bm, kte\u0159\u00ed maj\u00ed s relaxac\u00ed probl\u00e9my a neum\u011bj\u00ed vypnout neust\u00e1l\u00fd tok my\u0161lenek<\/p>\n","protected":false},"featured_media":4426,"comment_status":"open","ping_status":"closed","template":"","meta":{"site-sidebar-layout":"default","site-content-layout":"default","ast-global-header-display":"","ast-main-header-display":"","ast-hfb-above-header-display":"","ast-hfb-below-header-display":"","ast-hfb-mobile-header-display":"","site-post-title":"","ast-breadcrumbs-content":"","ast-featured-img":"","footer-sml-layout":"","theme-transparent-header-meta":"default","adv-header-id-meta":"","stick-header-meta":"","header-above-stick-meta":"","header-main-stick-meta":"","header-below-stick-meta":""},"product_cat":[96],"product_tag":[],"class_list":["post-28","product","type-product","status-publish","has-post-thumbnail","hentry","product_cat-masaze","desktop-align-left","tablet-align-left","mobile-align-left"],"_links":{"self":[{"href":"https:\/\/naturecaress.com\/index.php\/wp-json\/wp\/v2\/product\/28","targetHints":{"allow":["GET"]}}],"collection":[{"href":"https:\/\/naturecaress.com\/index.php\/wp-json\/wp\/v2\/product"}],"about":[{"href":"https:\/\/naturecaress.com\/index.php\/wp-json\/wp\/v2\/types\/product"}],"replies":[{"embeddable":true,"href":"https:\/\/naturecaress.com\/index.php\/wp-json\/wp\/v2\/comments?post=28"}],"wp:featuredmedia":[{"embeddable":true,"href":"https:\/\/naturecaress.com\/index.php\/wp-json\/wp\/v2\/media\/4426"}],"wp:attachment":[{"href":"https:\/\/naturecaress.com\/index.php\/wp-json\/wp\/v2\/media?parent=28"}],"wp:term":[{"taxonomy":"product_cat","embeddable":true,"href":"https:\/\/naturecaress.com\/index.php\/wp-json\/wp\/v2\/product_cat?post=28"},{"taxonomy":"product_tag","embeddable":true,"href":"https:\/\/naturecaress.com\/index.php\/wp-json\/wp\/v2\/product_tag?post=28"}],"curies":[{"name":"wp","href":"https:\/\/api.w.org\/{rel}","templated":true}]}}