{"id":342,"date":"2021-08-20T11:36:38","date_gmt":"2021-08-20T11:36:38","guid":{"rendered":"https:\/\/naturecaress.com\/index.php\/produkt\/milky-gentle-cleanser\/"},"modified":"2022-12-08T12:20:16","modified_gmt":"2022-12-08T11:20:16","slug":"klasicky-vyklad-karet","status":"publish","type":"product","link":"https:\/\/naturecaress.com\/index.php\/produkt\/klasicky-vyklad-karet\/","title":{"rendered":"Klasick\u00fd v\u00fdklad karet"},"content":{"rendered":"<p class=\"styl23\">Klasick\u00fd v\u00fdklad karet<\/p>\n<p align=\"justify\">Vykl\u00e1d\u00e1m mari\u00e1\u0161ov\u00e9 karty, kter\u00e9 mohou b\u00fdt Va\u0161\u00edm skv\u011bl\u00fdm r\u00e1dcem v mnoha \u017eivotn\u00edch situac\u00edch. Poodhal\u00ed minulost, pomohou \u0159e\u0161it p\u0159\u00edtomnost a napov\u00ed jak se chovat v budoucnosti, ale st\u00e1le v\u0161e je propojeno. Dovedou poradit jak vyhnout obt\u00ed\u017e\u00edm a \u010deho se m\u00e1me vyvarovat, co je d\u016fle\u017eit\u00e9 \u0159e\u0161it a hlavn\u011b jak to \u0159e\u0161it.<\/p>\n<p align=\"justify\">Karty uk\u00e1\u017eou, co d\u011blat v obt\u00ed\u017en\u00e9 \u017eivotn\u00ed situaci, j\u00e1 porad\u00edm mo\u017enosti \u0159e\u0161en\u00ed, ale rozhodnut\u00ed z\u016fstane ve Va\u0161ich ruk\u00e1ch. Karty p\u016fsob\u00ed jako pomocn\u00edk a r\u00e1dce t\u011bm, kte\u0159\u00ed si v moment\u00e1ln\u00ed \u017eivotn\u00ed situaci nev\u00ed rady. Napov\u00ed, kde d\u011bl\u00e1me chybu a j\u00e1 pom\u00e1h\u00e1m hledat odpov\u011b\u010f, jak v\u0161e napravit, sna\u017e\u00edm se poradit a pomoc\u00ed ritu\u00e1l\u016f b\u00edl\u00e9 magie n\u011bkter\u00e9 v\u011bci s klientem o\u010distit. Pom\u00e1h\u00e1m lidem p\u0159ev\u00e1\u017en\u011b v oblasti \u0159e\u0161en\u00ed partnersk\u00fdch vztah\u016f, s volbou zam\u011bstn\u00e1n\u00ed, s podnik\u00e1n\u00edm a p\u0159i rozhodov\u00e1n\u00ed se v d\u016fle\u017eit\u00fdch \u017eivotn\u00edch etap\u00e1ch (nap\u0159. st\u011bhov\u00e1n\u00ed, z\u00e1va\u017en\u00e9 koup\u011b apod..<\/p>\n<p>\u017divot \u010dasto p\u0159in\u00e1\u0161\u00ed mnoho nezodpov\u011bzen\u00fdch ot\u00e1zek, v\u00fdzev a probl\u00e9m\u016f. V\u011b\u0161tby, v\u00fdklady a REIKI u\u010den\u00ed jsou zde, aby na n\u011b odpov\u011bd\u011bli a pomohli n\u00e1m pochopit a pomoci s na\u0161\u00edm rozvojem.<\/p>\n<p>V\u017edy si vzpome\u0148te, \u017ee m\u00e1me v\u017edy svobodnou v\u016fli. V\u00fdklady n\u00e1m \u010dasto dovedou poradit a uk\u00e1zat aktu\u00e1ln\u00ed energie, kter\u00e9 \u010dasto vych\u00e1zej\u00ed z na\u0161ich sou\u010dasn\u00fdch energi\u00ed a nastaven\u00ed a tak\u00e9 se m\u011bn\u00ed v reakci na na\u0161e vlastn\u00ed energie. Jste tvo\u0159iteli a str\u016fjci sv\u00e9ho \u017eivota. A v\u017edy m\u016f\u017eete tvo\u0159it n\u011bco nov\u00e9ho.<\/p>\n<p align=\"justify\">V\u017edy komunikuji s klientem s c\u00edlem podpo\u0159it nebo naj\u00edt \u0159e\u0161en\u00ed v jeho \u017eivotn\u00ed situaci. V\u0161echno lze \u0159e\u0161it, ale n\u011bkdy pot\u0159ebujeme p\u0159ijmout zm\u011bnu na\u0161eho my\u0161len\u00ed a\u00a0 jedn\u00e1n\u00ed. Karty jsou Va\u0161\u00edm vnit\u0159n\u00edm odrazem a odrazem energi\u00ed, kter\u00e9 vyza\u0159ujete.<\/p>\n<p><strong>Pokud lidsk\u00e1 bytost bude na sob\u011b pracovat, zm\u011bn\u00ed se i karty v\u010detn\u011b vyza\u0159ov\u00e1n\u00ed\u00a0 \u010dlov\u011bka.<\/strong><\/p>\n","protected":false},"excerpt":{"rendered":"<p class=\"styl23\">Klasick\u00fd v\u00fdklad karet<\/p>\n<p align=\"justify\">Vykl\u00e1d\u00e1m mari\u00e1\u0161ov\u00e9 karty, kter\u00e9 mohou b\u00fdt Va\u0161\u00edm skv\u011bl\u00fdm r\u00e1dcem v mnoha \u017eivotn\u00edch situac\u00edch. Poodhal\u00ed minulost, pomohou \u0159e\u0161it p\u0159\u00edtomnost a napov\u00ed jak se chovat v budoucnosti, ale st\u00e1le v\u0161e je propojeno. Dovedou poradit jak vyhnout obt\u00ed\u017e\u00edm a \u010deho se m\u00e1me vyvarovat, co je d\u016fle\u017eit\u00e9 \u0159e\u0161it a hlavn\u011b jak to \u0159e\u0161it.<\/p>\n","protected":false},"featured_media":0,"comment_status":"open","ping_status":"closed","template":"","meta":{"site-sidebar-layout":"default","site-content-layout":"content-boxed-container","ast-global-header-display":"","ast-main-header-display":"","ast-hfb-above-header-display":"","ast-hfb-below-header-display":"","ast-hfb-mobile-header-display":"","site-post-title":"","ast-breadcrumbs-content":"","ast-featured-img":"","footer-sml-layout":"","theme-transparent-header-meta":"default","adv-header-id-meta":"","stick-header-meta":"","header-above-stick-meta":"","header-main-stick-meta":"","header-below-stick-meta":""},"product_cat":[97],"product_tag":[],"class_list":["post-342","product","type-product","status-publish","hentry","product_cat-vyklad-karet","desktop-align-left","tablet-align-left","mobile-align-left"],"_links":{"self":[{"href":"https:\/\/naturecaress.com\/index.php\/wp-json\/wp\/v2\/product\/342","targetHints":{"allow":["GET"]}}],"collection":[{"href":"https:\/\/naturecaress.com\/index.php\/wp-json\/wp\/v2\/product"}],"about":[{"href":"https:\/\/naturecaress.com\/index.php\/wp-json\/wp\/v2\/types\/product"}],"replies":[{"embeddable":true,"href":"https:\/\/naturecaress.com\/index.php\/wp-json\/wp\/v2\/comments?post=342"}],"wp:attachment":[{"href":"https:\/\/naturecaress.com\/index.php\/wp-json\/wp\/v2\/media?parent=342"}],"wp:term":[{"taxonomy":"product_cat","embeddable":true,"href":"https:\/\/naturecaress.com\/index.php\/wp-json\/wp\/v2\/product_cat?post=342"},{"taxonomy":"product_tag","embeddable":true,"href":"https:\/\/naturecaress.com\/index.php\/wp-json\/wp\/v2\/product_tag?post=342"}],"curies":[{"name":"wp","href":"https:\/\/api.w.org\/{rel}","templated":true}]}}