{"id":362,"date":"2021-08-20T11:43:47","date_gmt":"2021-08-20T11:43:47","guid":{"rendered":"https:\/\/naturecaress.com\/index.php\/produkt\/antiaging-skin-oil\/"},"modified":"2022-12-08T02:35:12","modified_gmt":"2022-12-08T01:35:12","slug":"antiaging-skin-oil","status":"publish","type":"product","link":"https:\/\/naturecaress.com\/index.php\/produkt\/antiaging-skin-oil\/","title":{"rendered":"\u010cokol\u00e1dov\u00e1 mas\u00e1\u017e"},"content":{"rendered":"<h2 align=\"justify\">\u010cokol\u00e1dov\u00e1\u00a0mas\u00e1\u017e<\/h2>\n<p align=\"justify\">poskytuje \u017een\u00e1m i mu\u017e\u016fm kvalitn\u00ed p\u00e9\u010di o poko\u017eku cel\u00e9ho t\u011bla.<\/p>\n<p>\u010cokol\u00e1dov\u00e1 mas\u00e1\u017e nejem pro milovn\u00edky \u010dokol\u00e1dy. Krom\u011b toho, \u017ee \u010dokol\u00e1da v\u00fdborn\u011b chutn\u00e1 a von\u00ed, m\u00e1 i skv\u011bl\u00e9 \u00fa\u010dinky na lidskou poko\u017eku a psychiku.\u00a0\u010cokol\u00e1dov\u00e1 mas\u00e1\u017e, v\u016fn\u011b zlep\u0161uje n\u00e1ladu je ide\u00e1ln\u00ed na podzimn\u00ed \u010di zimn\u00ed spl\u00edn nebo sychrav\u00e9 po\u010das\u00ed.<\/p>\n<p>\u010cokol\u00e1da m\u00e1 lidsk\u00e9 zdrav\u00ed blahod\u00e1rn\u00fd vliv d\u00edky obsahu antioxidant\u016f a miner\u00e1l\u016f. Kakaov\u00e9 boby, ze kter\u00fdch se \u010dokol\u00e1da vyr\u00e1b\u00ed, obsahuj\u00ed l\u00e1tky, kter\u00e9 v lidsk\u00e9m mozku zp\u016fsobuj\u00ed vyplaven\u00ed hormon\u016f\u00a0spojen\u00fdch s pocitem \u0161t\u011bst\u00ed a dobrou n\u00e1ladou. D\u00edky t\u011bmto l\u00e1tk\u00e1m, cukr\u016fm a tuk\u016fm je to vy\u017eivuj\u00edc\u00ed sm\u011bs pro va\u0161i poko\u017eku.<\/p>\n<p>Dobrou zpr\u00e1vou pro v\u0161echny, kte\u0159\u00ed si hl\u00eddaj\u00ed kalorie a dobrou figuru, je, \u017ee \u010dokol\u00e1du nen\u00ed pro tyto bla\u017een\u00e9 pocity nutn\u00e9 konzumovat, ale sta\u010d\u00ed si \u010das od \u010dasu dop\u0159\u00e1t relaxa\u010dn\u00ed \u010dokol\u00e1dovou mas\u00e1\u017e.<\/p>\n<p>Procedury s \u010dokol\u00e1dou v\u00e1s velmi p\u0159\u00edjemn\u011b uvoln\u00ed, zbav\u00ed probl\u00e9m\u016f s plet\u00ed a ple\u0165 vy\u017eiv\u00ed do hloubky. \u010cokol\u00e1da m\u00e1 stimula\u010dn\u00ed a lehce afrodiziak\u00e1ln\u00ed \u00fa\u010dinky. Krom\u011b dobr\u00e9 n\u00e1lady v\u00e1m \u010dokol\u00e1dov\u00e1 mas\u00e1\u017e zajist\u00ed i kr\u00e1sn\u011b hladkou a hydratovanou poko\u017eku<\/p>\n<p align=\"justify\">\u010cokol\u00e1dov\u00e1 mas\u00e1\u017e v\u00fdrazn\u011b tonizuje a vyhlazuje poko\u017eku, je bohat\u00e1 na miner\u00e1ly a antioxidanty. V\u00fdrazn\u00fdm zp\u016fsobem potla\u010duje celulitidu, b\u011bhem procedury se ple\u0165 zbavuje vr\u00e1sek a seschl\u00fdch \u0161upinek k\u016f\u017ee. Jedn\u00e1 se o luxusn\u00ed proceduru, kter\u00e1 obsahuje:<\/p>\n<p align=\"justify\">&#8211; peeling t\u011bla<br \/>\n&#8211; mas\u00e1\u017e \u010dokol\u00e1dou<br \/>\n&#8211; z\u00e1bal<\/p>\n","protected":false},"excerpt":{"rendered":"<p>\u010cokol\u00e1dov\u00e1 mas\u00e1\u017e nejem pro milovn\u00edky \u010dokol\u00e1dy. Krom\u011b toho, \u017ee \u010dokol\u00e1da v\u00fdborn\u011b chutn\u00e1 a von\u00ed, m\u00e1 i skv\u011bl\u00e9 \u00fa\u010dinky na lidskou poko\u017eku a psychiku.\u00a0\u010cokol\u00e1dov\u00e1 mas\u00e1\u017e, v\u016fn\u011b zlep\u0161uje n\u00e1ladu je ide\u00e1ln\u00ed na podzimn\u00ed \u010di zimn\u00ed spl\u00edn nebo sychrav\u00e9 po\u010das\u00ed.<\/p>\n<p>Sollicitudin facilisis massa pellentesque in ultrices enim nunc ac egestas elementum ut in ornare sit malesuada.<\/p>\n","protected":false},"featured_media":5090,"comment_status":"open","ping_status":"closed","template":"","meta":{"site-sidebar-layout":"default","site-content-layout":"content-boxed-container","ast-global-header-display":"","ast-main-header-display":"","ast-hfb-above-header-display":"","ast-hfb-below-header-display":"","ast-hfb-mobile-header-display":"","site-post-title":"","ast-breadcrumbs-content":"","ast-featured-img":"","footer-sml-layout":"","theme-transparent-header-meta":"default","adv-header-id-meta":"","stick-header-meta":"","header-above-stick-meta":"","header-main-stick-meta":"","header-below-stick-meta":""},"product_cat":[96],"product_tag":[],"class_list":["post-362","product","type-product","status-publish","has-post-thumbnail","hentry","product_cat-masaze","desktop-align-left","tablet-align-left","mobile-align-left"],"_links":{"self":[{"href":"https:\/\/naturecaress.com\/index.php\/wp-json\/wp\/v2\/product\/362","targetHints":{"allow":["GET"]}}],"collection":[{"href":"https:\/\/naturecaress.com\/index.php\/wp-json\/wp\/v2\/product"}],"about":[{"href":"https:\/\/naturecaress.com\/index.php\/wp-json\/wp\/v2\/types\/product"}],"replies":[{"embeddable":true,"href":"https:\/\/naturecaress.com\/index.php\/wp-json\/wp\/v2\/comments?post=362"}],"wp:featuredmedia":[{"embeddable":true,"href":"https:\/\/naturecaress.com\/index.php\/wp-json\/wp\/v2\/media\/5090"}],"wp:attachment":[{"href":"https:\/\/naturecaress.com\/index.php\/wp-json\/wp\/v2\/media?parent=362"}],"wp:term":[{"taxonomy":"product_cat","embeddable":true,"href":"https:\/\/naturecaress.com\/index.php\/wp-json\/wp\/v2\/product_cat?post=362"},{"taxonomy":"product_tag","embeddable":true,"href":"https:\/\/naturecaress.com\/index.php\/wp-json\/wp\/v2\/product_tag?post=362"}],"curies":[{"name":"wp","href":"https:\/\/api.w.org\/{rel}","templated":true}]}}