{"id":364,"date":"2021-08-20T11:45:35","date_gmt":"2021-08-20T11:45:35","guid":{"rendered":"https:\/\/naturecaress.com\/index.php\/produkt\/hydrating-gel-oil\/"},"modified":"2025-04-27T12:21:47","modified_gmt":"2025-04-27T10:21:47","slug":"back-scratch-skrabani-zad-kombinace-s-masazi","status":"publish","type":"product","link":"https:\/\/naturecaress.com\/index.php\/produkt\/back-scratch-skrabani-zad-kombinace-s-masazi\/","title":{"rendered":"Back Scratch (\u0161kr\u00e1b\u00e1n\u00ed zad) kombinace s mas\u00e1\u017e\u00ed"},"content":{"rendered":"<h2 align=\"justify\">Back Scratch (\u0161kr\u00e1b\u00e1n\u00ed zad) kombinace s mas\u00e1\u017e\u00ed<\/h2>\n<p align=\"justify\">\u0160kr\u00e1b\u00e1n\u00ed pat\u0159\u00ed mezi nejstar\u0161\u00ed lidov\u00fd l\u00e9\u010debn\u00fd prost\u0159edek, kter\u00fd neslou\u017e\u00ed pouze k\u00a0navozen\u00ed bla\u017eenosti klienta, ale tak\u00e9 k\u00a0vyrovn\u00e1n\u00ed energetick\u00fdch center \u010dlov\u011bka. Jeliko\u017e \u017eijeme v\u00a0dob\u011b neust\u00e1l\u00e9ho stresu a sp\u011bchu, bylo by ide\u00e1ln\u00ed tuto techniku praktikovat doma v\u00a0rodinn\u00e9m kruhu. Tato technika se ve velk\u00e9 m\u00ed\u0159e pou\u017e\u00edvala v\u00a0\u010c\u00edn\u011b a v\u00a0Asii, kde se tato l\u00e9\u010debn\u00e1 metoda naz\u00fdv\u00e1 \u201e Kua Sa\u201c.<br \/>\nIde\u00e1ln\u00ed je, kdy\u017e tuto l\u00e9\u010dbu poskytuje druh\u00e1 osoba, ov\u0161em v n\u011bkter\u00fdch p\u0159\u00edpadech si ji m\u016f\u017eete aplikovat sami. Aby byla poko\u017eka\u00a0kr\u00e1sn\u00e1 a \u010dist\u00e1, je t\u0159eba ji \u010das od \u010dasu zbavit odum\u0159el\u00fdch ko\u017en\u00edch bun\u011bk.<br \/>\nD\u016fle\u017eit\u00e9 je pamatovat na to, \u017ee nic se nem\u00e1 p\u0159eh\u00e1n\u011bt, a tedy ani \u201edrb\u00e1n\u00ed\u201c. Mohlo by doj\u00edt k po\u0161kr\u00e1b\u00e1n\u00ed k\u016f\u017ee a jej\u00edmu po\u0161kozen\u00ed. Terapeutka se intenzivn\u011b v\u011bnuje, se znalost\u00ed nervov\u00fdch zakon\u010den\u00ed na z\u00e1dech, ramenou i ruk\u00e1ch, va\u0161emu pocitu pohody. Za\u017eijete profesion\u00e1ln\u00ed po\u0161kr\u00e1b\u00e1n\u00ed jako ve snu. Zm\u011bny intenzity a sm\u011bru tah\u016f p\u0159i drb\u00e1n\u00ed V\u00e1s p\u0159enesou mimo vn\u00edm\u00e1n\u00ed denn\u00edch starost\u00ed. Tento proces nen\u00ed rozmar, dr\u00e1\u017ed\u011bn\u00edm nervov\u00fdch zakon\u010den\u00ed doch\u00e1z\u00ed k uvoln\u011bn\u00ed.<br \/>\nP\u0159i mas\u00e1\u017ei doch\u00e1z\u00ed ke zm\u011bn\u011b tvorby hormon\u016f, kter\u00e9 p\u0159in\u00e1\u0161ej\u00ed o\u0161et\u0159ovan\u00e9mu jedinci pocit bla\u017eenosti a pocitu uspokojen\u00ed. \u0160kr\u00e1b\u00e1n\u00ed k\u016f\u017ee je \u00fa\u010dinn\u00fd zp\u016fsob stimulace, otev\u00edr\u00e1n\u00ed a odstra\u0148ov\u00e1n\u00ed p\u0159ek\u00e1\u017eek pro nahromad\u011bnou energii, krev a t\u011bln\u00ed tekutiny. Zlep\u0161uje nedostate\u010dn\u00fd ob\u011bh, vyrovn\u00e1v\u00e1 jinovou a jangovou \u010dchi. Je to jednoduch\u00e1, snadn\u00e1 a \u00fa\u010dinn\u00e1 metoda.<br \/>\nO\u0161et\u0159en\u00ed nesm\u00ed b\u00fdt prov\u00e1d\u011bno v\u00a0m\u00edstech, kde m\u00e1 klient mate\u0159sk\u00e1 znam\u00e9nka, bradavice a jin\u00e9 ko\u017en\u00ed v\u00fd\u010dn\u011blky.<\/p>\n","protected":false},"excerpt":{"rendered":"<p>Faucibus lacus tincidunt molestie accumsan nibh non odio aenean molestie purus tristique sed tempor consequat risus tellus amet augue egestas mauris scelerisque donec ultrices.<\/p>\n<p>Sollicitudin facilisis massa pellentesque in ultrices enim nunc ac egestas elementum ut in ornare sit malesuada.<\/p>\n","protected":false},"featured_media":5067,"comment_status":"open","ping_status":"closed","template":"","meta":{"site-sidebar-layout":"default","site-content-layout":"content-boxed-container","ast-global-header-display":"","ast-main-header-display":"","ast-hfb-above-header-display":"","ast-hfb-below-header-display":"","ast-hfb-mobile-header-display":"","site-post-title":"","ast-breadcrumbs-content":"","ast-featured-img":"","footer-sml-layout":"","theme-transparent-header-meta":"default","adv-header-id-meta":"","stick-header-meta":"","header-above-stick-meta":"","header-main-stick-meta":"","header-below-stick-meta":""},"product_cat":[96],"product_tag":[],"class_list":["post-364","product","type-product","status-publish","has-post-thumbnail","hentry","product_cat-masaze","desktop-align-left","tablet-align-left","mobile-align-left"],"_links":{"self":[{"href":"https:\/\/naturecaress.com\/index.php\/wp-json\/wp\/v2\/product\/364","targetHints":{"allow":["GET"]}}],"collection":[{"href":"https:\/\/naturecaress.com\/index.php\/wp-json\/wp\/v2\/product"}],"about":[{"href":"https:\/\/naturecaress.com\/index.php\/wp-json\/wp\/v2\/types\/product"}],"replies":[{"embeddable":true,"href":"https:\/\/naturecaress.com\/index.php\/wp-json\/wp\/v2\/comments?post=364"}],"wp:featuredmedia":[{"embeddable":true,"href":"https:\/\/naturecaress.com\/index.php\/wp-json\/wp\/v2\/media\/5067"}],"wp:attachment":[{"href":"https:\/\/naturecaress.com\/index.php\/wp-json\/wp\/v2\/media?parent=364"}],"wp:term":[{"taxonomy":"product_cat","embeddable":true,"href":"https:\/\/naturecaress.com\/index.php\/wp-json\/wp\/v2\/product_cat?post=364"},{"taxonomy":"product_tag","embeddable":true,"href":"https:\/\/naturecaress.com\/index.php\/wp-json\/wp\/v2\/product_tag?post=364"}],"curies":[{"name":"wp","href":"https:\/\/api.w.org\/{rel}","templated":true}]}}