{"id":365,"date":"2021-08-20T11:46:22","date_gmt":"2021-08-20T11:46:22","guid":{"rendered":"https:\/\/naturecaress.com\/index.php\/produkt\/balancing-daily-cleanser\/"},"modified":"2022-12-07T21:59:43","modified_gmt":"2022-12-07T20:59:43","slug":"aromaterapeuticka-masaz","status":"publish","type":"product","link":"https:\/\/naturecaress.com\/index.php\/produkt\/aromaterapeuticka-masaz\/","title":{"rendered":"Aromaterapeutick\u00e1 mas\u00e1\u017e"},"content":{"rendered":"<h2 align=\"justify\">Aromaterapeutick\u00e1 mas\u00e1\u017e<\/h2>\n<p align=\"justify\"><strong>\u00a0<\/strong>\u00a0je jemnou dotykovou terapi\u00ed, kter\u00e1 se sna\u017e\u00ed p\u0159in\u00e9st relaxaci, zv\u00fd\u0161it energii a zm\u00edrnit vliv stresu. Nejd\u016fle\u017eit\u011bj\u0161\u00ed sou\u010d\u00e1st\u00ed aromaterapie, jsou vonn\u00e9 silice, kter\u00e9 si vybere klient v\u00a0sou\u010dinnosti s\u00a0mas\u00e9rem. Terapeut pom\u016f\u017ee s\u00a0v\u00fdb\u011brem silice, dle zdrav. stavu klienta. \u00a0Po t\u00e9to terapii by m\u011bl klient poci\u0165ovat rovnov\u00e1hu po str\u00e1nce\u00a0 du\u0161evn\u00ed, fyzick\u00e9 i \u00a0intelektu\u00e1ln\u00ed.\u00a0 Pou\u017e\u00edvaj\u00ed se v\u00fdhradn\u011b \u010dist\u011b bylinn\u00e9 esence. Bylinn\u00e9 esence pronikaj\u00ed p\u0159es poko\u017eku\u00a0 do krevn\u00edho\u00a0 ob\u011bhu\u00a0 a t\u00edm maj\u00ed blahod\u00e1rn\u00fd vliv na vnit\u0159n\u00ed org\u00e1ny &#8211; harmonizuj\u00ed nejen je,ale i cel\u00e9 t\u011blo.<br \/>\nD\u00e1le pak doch\u00e1z\u00ed k\u00a0inhalaci t\u011bchto olej\u016f, \u010d\u00edm\u017e se spojuje, po\u017eitek z\u00a0v\u016fn\u011b s\u00a0ozdravnou s\u00edlou doteku. Aromamas\u00e1\u017e je \u00fa\u010dinn\u011bj\u0161\u00ed ne\u017e jak\u00e1koliv jin\u00e1 mas\u00e1\u017e, pr\u00e1v\u011b d\u00edky\u00a0 \u00e9terick\u00fdm vlastnostem pou\u017e\u00edvan\u00fdch p\u0159\u00edrodn\u00edch olej\u016f.<\/p>\n<p>\u00da\u010dinky Aromaterapeutick\u00e9 mas\u00e1\u017ee:<\/p>\n<div align=\"justify\">\n<ul type=\"disc\">\n<li>odstran\u011bn\u00ed nap\u011bt\u00ed, stresu a \u00fanavy a depres\u00ed<\/li>\n<li>\u00a0zm\u00edr\u0148uje a l\u00e9\u010d\u00ed bolesti hlavy i migr\u00e9ny, bolesti \u0161\u00edje a zad<\/li>\n<li>\u00a0posiluje imunitu a lymfatick\u00fd syst\u00e9m<\/li>\n<li>\u00a0upravuje tr\u00e1ven\u00ed (z\u00e1cpa, nad\u00fdm\u00e1n\u00ed), podporuju peristaltiku<\/li>\n<li>\u00a0zlep\u0161uje stav k\u016f\u017ee, posiluje a uvol\u0148uje svalstvo<\/li>\n<li>\u00a0zlep\u0161uje stav alergik\u016f, astmatik\u016f, ekzematik\u016f<\/li>\n<li>\u00a0upravuje \u017eensk\u00e9 pot\u00ed\u017ee (p\u0159edmenstrua\u010dn\u00ed syndrom, menstruace, obdob\u00ed po porodu, klimakterium)<\/li>\n<\/ul>\n<\/div>\n","protected":false},"excerpt":{"rendered":"<p align=\"justify\">Aromaterapeutick\u00e1 mas\u00e1\u017e je jemnou dotykovou terapi\u00ed, kter\u00e1 se sna\u017e\u00ed p\u0159in\u00e9st relaxaci, zv\u00fd\u0161it energii a zm\u00edrnit vliv stresu. Nejd\u016fle\u017eit\u011bj\u0161\u00ed sou\u010d\u00e1st\u00ed aromaterapie, jsou vonn\u00e9 silice, kter\u00e9 si vybere klient v sou\u010dinnosti s mas\u00e9rem. Terapeut pom\u016f\u017ee s v\u00fdb\u011brem silice, dle zdrav. stavu klienta. \u00a0Po t\u00e9to terapii by m\u011bl klient poci\u0165ovat rovnov\u00e1hu po str\u00e1nce\u00a0 du\u0161evn\u00ed, fyzick\u00e9 i \u00a0intelektu\u00e1ln\u00ed.\u00a0 Pou\u017e\u00edvaj\u00ed se v\u00fdhradn\u011b \u010dist\u011b bylinn\u00e9 esence.<\/p>\n","protected":false},"featured_media":5068,"comment_status":"open","ping_status":"closed","template":"","meta":{"site-sidebar-layout":"default","site-content-layout":"content-boxed-container","ast-global-header-display":"","ast-main-header-display":"","ast-hfb-above-header-display":"","ast-hfb-below-header-display":"","ast-hfb-mobile-header-display":"","site-post-title":"","ast-breadcrumbs-content":"","ast-featured-img":"","footer-sml-layout":"","theme-transparent-header-meta":"default","adv-header-id-meta":"","stick-header-meta":"","header-above-stick-meta":"","header-main-stick-meta":"","header-below-stick-meta":""},"product_cat":[96],"product_tag":[],"class_list":["post-365","product","type-product","status-publish","has-post-thumbnail","hentry","product_cat-masaze","desktop-align-left","tablet-align-left","mobile-align-left"],"_links":{"self":[{"href":"https:\/\/naturecaress.com\/index.php\/wp-json\/wp\/v2\/product\/365","targetHints":{"allow":["GET"]}}],"collection":[{"href":"https:\/\/naturecaress.com\/index.php\/wp-json\/wp\/v2\/product"}],"about":[{"href":"https:\/\/naturecaress.com\/index.php\/wp-json\/wp\/v2\/types\/product"}],"replies":[{"embeddable":true,"href":"https:\/\/naturecaress.com\/index.php\/wp-json\/wp\/v2\/comments?post=365"}],"wp:featuredmedia":[{"embeddable":true,"href":"https:\/\/naturecaress.com\/index.php\/wp-json\/wp\/v2\/media\/5068"}],"wp:attachment":[{"href":"https:\/\/naturecaress.com\/index.php\/wp-json\/wp\/v2\/media?parent=365"}],"wp:term":[{"taxonomy":"product_cat","embeddable":true,"href":"https:\/\/naturecaress.com\/index.php\/wp-json\/wp\/v2\/product_cat?post=365"},{"taxonomy":"product_tag","embeddable":true,"href":"https:\/\/naturecaress.com\/index.php\/wp-json\/wp\/v2\/product_tag?post=365"}],"curies":[{"name":"wp","href":"https:\/\/api.w.org\/{rel}","templated":true}]}}