{"id":366,"date":"2021-08-20T11:47:59","date_gmt":"2021-08-20T11:47:59","guid":{"rendered":"https:\/\/naturecaress.com\/index.php\/produkt\/makeup-melting-cleanser\/"},"modified":"2022-12-07T22:02:40","modified_gmt":"2022-12-07T21:02:40","slug":"makeup-melting-cleanser","status":"publish","type":"product","link":"https:\/\/naturecaress.com\/index.php\/produkt\/makeup-melting-cleanser\/","title":{"rendered":"Mas\u00e1\u017e l\u00e1vov\u00fdmi kameny"},"content":{"rendered":"<p>Mas\u00e1\u017e l\u00e1vov\u00fdmi kameny je technika, kter\u00e1 se u\u017e oded\u00e1vna praktikovala na Havajsk\u00fdch ostrovech a vyu\u017e\u00edv\u00e1 znalost\u00ed \u010d\u00ednsk\u00e9 medic\u00edny odkud se na Havajsk\u00e9 ostrovy dostala. Dod\u00e1 v\u00e1m energii, kterou va\u0161e t\u011blo pot\u0159ebuje.<br \/>\nNa t\u011blo mas\u00edrovan\u00e9 osoby se kladou tepl\u00e9 \u010dedi\u010dov\u00e9 kameny zah\u0159\u00e1t\u00e9 ve vod\u011b na teplotu kolem 37 &#8211; 40\u00b0C. Kameny z\u00e1rove\u0148 p\u0159ed\u00e1vaj\u00ed naakumulovan\u00e9 teplo a velmi silnou energetickou vibraci prosp\u011b\u0161nou pro uvoln\u011bn\u00ed a relaxaci ztuhl\u00fdch sval\u016f. Ovliv\u0148uj\u00ed tak meridi\u00e1ny, energetick\u00e9 cesty a dr\u00e1hy, vedouc\u00ed od kone\u010dk\u016f prst\u016f a\u017e k na\u0161im vnit\u0159n\u00edm org\u00e1n\u016fm, otv\u00edraj\u00ed tyto energetick\u00e9 cesty l\u00e9\u010divou silou mas\u00e1\u017ee l\u00e1vov\u00fdmi kameny. Mas\u00e1\u017e l\u00e1vov\u00fdmi kameny tyto cesty \u010din\u00ed mnohem l\u00e9pe pr\u016fchodn\u00e9 a \u00fa\u010dinn\u011b je odblokov\u00e1,\u00a0 d\u00edky t\u00e9to mas\u00e1\u017ei se znovu otev\u00edraj\u00ed. Tato terapie dod\u00e1v\u00e1 \u017eivotn\u00ed s\u00edlu a dobrou n\u00e1ladu.<br \/>\nSamotn\u00e1 mas\u00e1\u017e je pro klienta velmi p\u0159\u00edjemn\u00e1. T\u011blo je mas\u00edrov\u00e1no st\u0159\u00eddav\u011b s l\u00e1vov\u00fdmi kameny i bez nich, \u010dasto se pou\u017e\u00edvaj\u00ed ve spojen\u00ed s aromatick\u00fdmi \u010dist\u011b p\u0159\u00edrodn\u00edmi esencemi a exotick\u00fdmi oleji. Ka\u017ed\u00fd, kdo mas\u00e1\u017e l\u00e1vov\u00fdmi kameny n\u011bkdy vyzkou\u0161el se k n\u00ed r\u00e1d vrac\u00ed a doporu\u010duje ji ostatn\u00edm p\u0159\u00e1tel\u016fm. Mnoz\u00ed z klient\u016f potvrzuj\u00ed, \u017ee \u00fa\u010dinky mas\u00e1\u017ee l\u00e1vov\u00fdmi kameny c\u00edtili je\u0161t\u011b n\u011bkolik dn\u00ed po jej\u00edm proveden\u00ed. Mas\u00e1\u017e l\u00e1vov\u00fdmi kameny je ur\u010dena pro \u017eeny i mu\u017ee v\u0161ech v\u011bkov\u00fdch kategori\u00ed.<br \/>\nObez\u0159etn\u00ed by jste m\u011bli b\u00fdt p\u0159i vysok\u00e9m krevn\u00edm tlaku, onemocn\u011bn\u00ed srdce, n\u00e1dorov\u00fdch onemocn\u011bn\u00edch, poruch\u00e1ch m\u00edzn\u00edho syst\u00e9mu a cukrovce, t\u011bhotenstv\u00ed, infek\u010dn\u00edch onemocn\u011bn\u00edch, p\u0159ecitliv\u011blosti na teplo a sd\u011blit va\u0161i kondici terapeutovi.<\/p>\n","protected":false},"excerpt":{"rendered":"<p>Mas\u00e1\u017e l\u00e1vov\u00fdmi kameny je technika, kter\u00e1 se u\u017e oded\u00e1vna praktikovala na Havajsk\u00fdch ostrovech a vyu\u017e\u00edv\u00e1 znalost\u00ed \u010d\u00ednsk\u00e9 medic\u00edny odkud se na Havajsk\u00e9 ostrovy dostala. Dod\u00e1 v\u00e1m energii, kterou va\u0161e t\u011blo pot\u0159ebuje.<\/p>\n","protected":false},"featured_media":5069,"comment_status":"open","ping_status":"closed","template":"","meta":{"site-sidebar-layout":"default","site-content-layout":"content-boxed-container","ast-global-header-display":"","ast-main-header-display":"","ast-hfb-above-header-display":"","ast-hfb-below-header-display":"","ast-hfb-mobile-header-display":"","site-post-title":"","ast-breadcrumbs-content":"","ast-featured-img":"","footer-sml-layout":"","theme-transparent-header-meta":"default","adv-header-id-meta":"","stick-header-meta":"","header-above-stick-meta":"","header-main-stick-meta":"","header-below-stick-meta":""},"product_cat":[96],"product_tag":[],"class_list":["post-366","product","type-product","status-publish","has-post-thumbnail","hentry","product_cat-masaze","desktop-align-left","tablet-align-left","mobile-align-left"],"_links":{"self":[{"href":"https:\/\/naturecaress.com\/index.php\/wp-json\/wp\/v2\/product\/366","targetHints":{"allow":["GET"]}}],"collection":[{"href":"https:\/\/naturecaress.com\/index.php\/wp-json\/wp\/v2\/product"}],"about":[{"href":"https:\/\/naturecaress.com\/index.php\/wp-json\/wp\/v2\/types\/product"}],"replies":[{"embeddable":true,"href":"https:\/\/naturecaress.com\/index.php\/wp-json\/wp\/v2\/comments?post=366"}],"wp:featuredmedia":[{"embeddable":true,"href":"https:\/\/naturecaress.com\/index.php\/wp-json\/wp\/v2\/media\/5069"}],"wp:attachment":[{"href":"https:\/\/naturecaress.com\/index.php\/wp-json\/wp\/v2\/media?parent=366"}],"wp:term":[{"taxonomy":"product_cat","embeddable":true,"href":"https:\/\/naturecaress.com\/index.php\/wp-json\/wp\/v2\/product_cat?post=366"},{"taxonomy":"product_tag","embeddable":true,"href":"https:\/\/naturecaress.com\/index.php\/wp-json\/wp\/v2\/product_tag?post=366"}],"curies":[{"name":"wp","href":"https:\/\/api.w.org\/{rel}","templated":true}]}}